{"id":40123,"date":"2025-09-11T13:48:26","date_gmt":"2025-09-11T11:48:26","guid":{"rendered":"https:\/\/www.lintelligentdabidjan.info\/news\/?page_id=40123"},"modified":"2025-10-09T16:35:04","modified_gmt":"2025-10-09T14:35:04","slug":"certification","status":"publish","type":"page","link":"https:\/\/www.lintelligentdabidjan.info\/news\/certification\/","title":{"rendered":"Certification"},"content":{"rendered":"<p><a href=\"https:\/\/www.lintelligentdabidjan.info\/news\/wp-content\/uploads\/2025\/09\/LES-ASSOCIES-DE-LINTELLIGENT-DABIDJAN-SOCEF-NTIC.pdf\" target=\"_blank\" rel=\"noopener\"> Les associ\u00e9s de l&#8217;Intelligent d&#8217;Abidjan SOCEF-NTIC<\/a><\/p>\n<p><a href=\"https:\/\/www.lintelligentdabidjan.info\/news\/wp-content\/uploads\/2025\/09\/CHARTE-DUTILISATION-DE-LINTELLIGENCE-ARTIFICIELLE-IA-DE-LA-REDACTION-DE-LINTELLIGENT-DABIDJAN.pdf\" target=\"_blank\" rel=\"noopener\"> Charte d&#8217;utilisation de l&#8217;Intelligence artificielle de la r\u00e9daction<br \/>\n<\/a><\/p>\n<p><a href=\"https:\/\/www.lintelligentdabidjan.info\/news\/wp-content\/uploads\/2025\/09\/TRAITEMENT-DES-RECLAMATIONS-PAR-LA-REDACTION-DE-LINTELLIGENT-DABIDJAN-1.pdf\" target=\"_blank\" rel=\"noopener\"> Traitement des r\u00e9clamations par la r\u00e9daction de l&#8217;Intelligent d&#8217;Abidjan<\/a><\/p>\n<p><a href=\"https:\/\/www.lintelligentdabidjan.info\/news\/wp-content\/uploads\/2025\/09\/POLITIQUE-DANONYMAT-DES-SOURCES-DE-LINTELLIGENT-DABIDJAN.pdf\" target=\"_blank\" rel=\"noopener\"> Poitique d&#8217;anonymat des sources de l&#8217;Intelligent d&#8217;Abidjan<br \/>\n<\/a><\/p>\n<p><a href=\"https:\/\/www.lintelligentdabidjan.info\/news\/wp-content\/uploads\/2025\/09\/PROCESSUS-DE-PRODUCTION-DE-LINFORMATION-AU-NIVEAU-DE.pdf\" target=\"_blank\" rel=\"noopener\"> Processus de production de l&#8217;information <\/a><\/p>\n<p><a href=\"https:\/\/www.lintelligentdabidjan.info\/news\/wp-content\/uploads\/2025\/09\/report_2025_09_08_19_39.pdf\">report_2025_09_08_19_39<\/a><\/p>\n<p><a href=\"https:\/\/www.lintelligentdabidjan.info\/news\/wp-content\/uploads\/2025\/09\/SOURCES-DE-REVENUS-ET-PROPORTIONS-1.pdf\" target=\"_blank\" rel=\"noopener\">Sources de revenus et proportion (1)<\/a><\/p>\n<p><a href=\"https:\/\/www.lintelligentdabidjan.info\/news\/wp-content\/uploads\/2025\/09\/CHARTE-DE-LINTELLIGENT-DABIDJAN.pdf\" target=\"_blank\" rel=\"noopener\"><br \/>\nCharte de l&#8217;intelligent d&#8217;Abidjan <\/a><\/p>\n<p>Manuel de Recrutement et de Formation du Personnel de l&#8217;intelligent<br \/>\nd&#8217;Abidjan (GROUP\u0415)<\/p>\n<p>L&#8217;INTELLIGENT D&#8217;ABIDJAN<br \/>\n<a href=\"https:\/\/www.lintelligentdabidjan.info\/news\/wp-content\/uploads\/2025\/10\/certificationSignelintelligentdabidjan.jpg\"target=\"_blank\" rel=\"noopener\"> <img loading=\"lazy\" decoding=\"async\" src=\"https:\/\/www.lintelligentdabidjan.info\/news\/wp-content\/uploads\/2025\/10\/certificationSignelintelligentdabidjanp1.jpg\" alt=\"\" width=\"490\" height=\"680\" class=\"aligncenter size-full wp-image-40554\" srcset=\"https:\/\/www.lintelligentdabidjan.info\/news\/wp-content\/uploads\/2025\/10\/certificationSignelintelligentdabidjanp1.jpg 490w, https:\/\/www.lintelligentdabidjan.info\/news\/wp-content\/uploads\/2025\/10\/certificationSignelintelligentdabidjanp1-216x300.jpg 216w, https:\/\/www.lintelligentdabidjan.info\/news\/wp-content\/uploads\/2025\/10\/certificationSignelintelligentdabidjanp1-303x420.jpg 303w\" sizes=\"auto, (max-width: 490px) 100vw, 490px\" \/><\/a><\/p>\n<p><a href=\"https:\/\/www.lintelligentdabidjan.info\/news\/wp-content\/uploads\/2025\/09\/A_2025-Notification-Intelligent-dAbidjan.pdf\" target=\"_blank\" rel=\"noopener\">A_2025 Notification Intelligent dAbidjan<\/p>\n<p><img loading=\"lazy\" decoding=\"async\" src=\"https:\/\/www.lintelligentdabidjan.info\/news\/wp-content\/uploads\/2025\/09\/img28.09.2025notification.jpg\" alt=\"\" width=\"556\" height=\"779\" class=\"aligncenter size-full wp-image-40399\" srcset=\"https:\/\/www.lintelligentdabidjan.info\/news\/wp-content\/uploads\/2025\/09\/img28.09.2025notification.jpg 556w, https:\/\/www.lintelligentdabidjan.info\/news\/wp-content\/uploads\/2025\/09\/img28.09.2025notification-214x300.jpg 214w, https:\/\/www.lintelligentdabidjan.info\/news\/wp-content\/uploads\/2025\/09\/img28.09.2025notification-300x420.jpg 300w\" sizes=\"auto, (max-width: 556px) 100vw, 556px\" \/><\/p>\n<p><\/a><\/p>\n","protected":false},"excerpt":{"rendered":"<p>Les associ\u00e9s de l&#8217;Intelligent d&#8217;Abidjan SOCEF-NTIC Charte d&#8217;utilisation de l&#8217;Intelligence artificielle de la r\u00e9daction Traitement des r\u00e9clamations par la r\u00e9daction de l&#8217;Intelligent d&#8217;Abidjan Poitique d&#8217;anonymat des sources de l&#8217;Intelligent d&#8217;Abidjan Processus de production de l&#8217;information report_2025_09_08_19_39 Sources de revenus et proportion (1) Charte de l&#8217;intelligent d&#8217;Abidjan Manuel de Recrutement et de Formation du Personnel de [&hellip;]<\/p>\n","protected":false},"author":1,"featured_media":0,"parent":0,"menu_order":0,"comment_status":"closed","ping_status":"closed","template":"","meta":{"_monsterinsights_skip_tracking":false,"_monsterinsights_sitenote_active":false,"_monsterinsights_sitenote_note":"","_monsterinsights_sitenote_category":0,"footnotes":""},"class_list":["post-40123","page","type-page","status-publish","hentry"],"_links":{"self":[{"href":"https:\/\/www.lintelligentdabidjan.info\/news\/wp-json\/wp\/v2\/pages\/40123","targetHints":{"allow":["GET"]}}],"collection":[{"href":"https:\/\/www.lintelligentdabidjan.info\/news\/wp-json\/wp\/v2\/pages"}],"about":[{"href":"https:\/\/www.lintelligentdabidjan.info\/news\/wp-json\/wp\/v2\/types\/page"}],"author":[{"embeddable":true,"href":"https:\/\/www.lintelligentdabidjan.info\/news\/wp-json\/wp\/v2\/users\/1"}],"replies":[{"embeddable":true,"href":"https:\/\/www.lintelligentdabidjan.info\/news\/wp-json\/wp\/v2\/comments?post=40123"}],"version-history":[{"count":11,"href":"https:\/\/www.lintelligentdabidjan.info\/news\/wp-json\/wp\/v2\/pages\/40123\/revisions"}],"predecessor-version":[{"id":40556,"href":"https:\/\/www.lintelligentdabidjan.info\/news\/wp-json\/wp\/v2\/pages\/40123\/revisions\/40556"}],"wp:attachment":[{"href":"https:\/\/www.lintelligentdabidjan.info\/news\/wp-json\/wp\/v2\/media?parent=40123"}],"curies":[{"name":"wp","href":"https:\/\/api.w.org\/{rel}","templated":true}]}}